{"id":397,"date":"2023-08-08T07:19:20","date_gmt":"2023-08-08T05:19:20","guid":{"rendered":"https:\/\/landing.tav-vacuumfurnaces.com\/homepage\/"},"modified":"2024-03-28T09:53:01","modified_gmt":"2024-03-28T08:53:01","slug":"homepage","status":"publish","type":"page","link":"https:\/\/landing.tav-vacuumfurnaces.com\/es\/","title":{"rendered":"Homepage"},"content":{"rendered":"","protected":false},"excerpt":{"rendered":"","protected":false},"author":1,"featured_media":0,"parent":0,"menu_order":0,"comment_status":"closed","ping_status":"closed","template":"template-home.php","meta":{"_acf_changed":false,"site-sidebar-layout":"default","site-content-layout":"default","ast-site-content-layout":"default","site-content-style":"default","site-sidebar-style":"default","ast-global-header-display":"","ast-banner-title-visibility":"","ast-main-header-display":"","ast-hfb-above-header-display":"","ast-hfb-below-header-display":"","ast-hfb-mobile-header-display":"","site-post-title":"","ast-breadcrumbs-content":"","ast-featured-img":"","footer-sml-layout":"","theme-transparent-header-meta":"default","adv-header-id-meta":"","stick-header-meta":"","header-above-stick-meta":"","header-main-stick-meta":"","header-below-stick-meta":"","astra-migrate-meta-layouts":"set","footnotes":""},"class_list":["post-397","page","type-page","status-publish","hentry"],"acf":[],"yoast_head":"<!-- This site is optimized with the Yoast SEO plugin v21.1 - https:\/\/yoast.com\/wordpress\/plugins\/seo\/ -->\n<title>Horno para tratamiento de vac\u00edo | TAV VACUUM FURNACES<\/title>\n<meta name=\"description\" content=\"Tav Vacuum Furnaces construye hornos para tratamiento de vac\u00edo a medida, desde la fase de an\u00e1lisis de sus necesidades hasta la realizaci\u00f3n de la l\u00ednea de tratamiento.\" \/>\n<meta name=\"robots\" content=\"index, follow, max-snippet:-1, max-image-preview:large, max-video-preview:-1\" \/>\n<link rel=\"canonical\" href=\"https:\/\/landing.tav-vacuumfurnaces.com\/es\/\" \/>\n<meta property=\"og:locale\" content=\"es_ES\" \/>\n<meta property=\"og:type\" content=\"article\" \/>\n<meta property=\"og:title\" content=\"Horno para tratamiento de vac\u00edo | TAV VACUUM FURNACES\" \/>\n<meta property=\"og:description\" content=\"Tav Vacuum Furnaces construye hornos para tratamiento de vac\u00edo a medida, desde la fase de an\u00e1lisis de sus necesidades hasta la realizaci\u00f3n de la l\u00ednea de tratamiento.\" \/>\n<meta property=\"og:url\" content=\"https:\/\/landing.tav-vacuumfurnaces.com\/es\/\" \/>\n<meta property=\"og:site_name\" content=\"TAV VACUUM FURNCES\" \/>\n<meta property=\"article:publisher\" content=\"https:\/\/www.facebook.com\/TavFurnaces\" \/>\n<meta property=\"article:modified_time\" content=\"2024-03-28T08:53:01+00:00\" \/>\n<meta name=\"twitter:card\" content=\"summary_large_image\" \/>\n<meta name=\"twitter:site\" content=\"@TavFurnaces\" \/>\n<script type=\"application\/ld+json\" class=\"yoast-schema-graph\">{\"@context\":\"https:\/\/schema.org\",\"@graph\":[{\"@type\":\"WebPage\",\"@id\":\"https:\/\/landing.tav-vacuumfurnaces.com\/es\/\",\"url\":\"https:\/\/landing.tav-vacuumfurnaces.com\/es\/\",\"name\":\"Horno para tratamiento de vac\u00edo | TAV VACUUM FURNACES\",\"isPartOf\":{\"@id\":\"https:\/\/landing.tav-vacuumfurnaces.com\/es\/#website\"},\"datePublished\":\"2023-08-08T05:19:20+00:00\",\"dateModified\":\"2024-03-28T08:53:01+00:00\",\"description\":\"Tav Vacuum Furnaces construye hornos para tratamiento de vac\u00edo a medida, desde la fase de an\u00e1lisis de sus necesidades hasta la realizaci\u00f3n de la l\u00ednea de tratamiento.\",\"breadcrumb\":{\"@id\":\"https:\/\/landing.tav-vacuumfurnaces.com\/es\/#breadcrumb\"},\"inLanguage\":\"es\",\"potentialAction\":[{\"@type\":\"ReadAction\",\"target\":[\"https:\/\/landing.tav-vacuumfurnaces.com\/es\/\"]}]},{\"@type\":\"BreadcrumbList\",\"@id\":\"https:\/\/landing.tav-vacuumfurnaces.com\/es\/#breadcrumb\",\"itemListElement\":[{\"@type\":\"ListItem\",\"position\":1,\"name\":\"Home\",\"item\":\"https:\/\/landing.tav-vacuumfurnaces.com\/es\/\"},{\"@type\":\"ListItem\",\"position\":2,\"name\":\"Homepage\"}]},{\"@type\":\"WebSite\",\"@id\":\"https:\/\/landing.tav-vacuumfurnaces.com\/es\/#website\",\"url\":\"https:\/\/landing.tav-vacuumfurnaces.com\/es\/\",\"name\":\"TAV Vacuum Furnaces\",\"description\":\"Hornos de Vac\u00edo de la M\u00e1s Alta Calidad\",\"publisher\":{\"@id\":\"https:\/\/landing.tav-vacuumfurnaces.com\/es\/#organization\"},\"potentialAction\":[{\"@type\":\"SearchAction\",\"target\":{\"@type\":\"EntryPoint\",\"urlTemplate\":\"https:\/\/landing.tav-vacuumfurnaces.com\/es\/?s={search_term_string}\"},\"query-input\":\"required name=search_term_string\"}],\"inLanguage\":\"es\"},{\"@type\":\"Organization\",\"@id\":\"https:\/\/landing.tav-vacuumfurnaces.com\/es\/#organization\",\"name\":\"TAV Vacuum Furnaces\",\"url\":\"https:\/\/landing.tav-vacuumfurnaces.com\/es\/\",\"logo\":{\"@type\":\"ImageObject\",\"inLanguage\":\"es\",\"@id\":\"https:\/\/landing.tav-vacuumfurnaces.com\/es\/#\/schema\/logo\/image\/\",\"url\":\"https:\/\/landing.tav-vacuumfurnaces.com\/wp-content\/uploads\/2023\/08\/tav-vacuum-furnaces-logo.svg\",\"contentUrl\":\"https:\/\/landing.tav-vacuumfurnaces.com\/wp-content\/uploads\/2023\/08\/tav-vacuum-furnaces-logo.svg\",\"caption\":\"TAV Vacuum Furnaces\"},\"image\":{\"@id\":\"https:\/\/landing.tav-vacuumfurnaces.com\/es\/#\/schema\/logo\/image\/\"},\"sameAs\":[\"https:\/\/www.facebook.com\/TavFurnaces\",\"https:\/\/twitter.com\/TavFurnaces\"]}]}<\/script>\n<!-- \/ Yoast SEO plugin. -->","yoast_head_json":{"title":"Horno para tratamiento de vac\u00edo | TAV VACUUM FURNACES","description":"Tav Vacuum Furnaces construye hornos para tratamiento de vac\u00edo a medida, desde la fase de an\u00e1lisis de sus necesidades hasta la realizaci\u00f3n de la l\u00ednea de tratamiento.","robots":{"index":"index","follow":"follow","max-snippet":"max-snippet:-1","max-image-preview":"max-image-preview:large","max-video-preview":"max-video-preview:-1"},"canonical":"https:\/\/landing.tav-vacuumfurnaces.com\/es\/","og_locale":"es_ES","og_type":"article","og_title":"Horno para tratamiento de vac\u00edo | TAV VACUUM FURNACES","og_description":"Tav Vacuum Furnaces construye hornos para tratamiento de vac\u00edo a medida, desde la fase de an\u00e1lisis de sus necesidades hasta la realizaci\u00f3n de la l\u00ednea de tratamiento.","og_url":"https:\/\/landing.tav-vacuumfurnaces.com\/es\/","og_site_name":"TAV VACUUM FURNCES","article_publisher":"https:\/\/www.facebook.com\/TavFurnaces","article_modified_time":"2024-03-28T08:53:01+00:00","twitter_card":"summary_large_image","twitter_site":"@TavFurnaces","schema":{"@context":"https:\/\/schema.org","@graph":[{"@type":"WebPage","@id":"https:\/\/landing.tav-vacuumfurnaces.com\/es\/","url":"https:\/\/landing.tav-vacuumfurnaces.com\/es\/","name":"Horno para tratamiento de vac\u00edo | TAV VACUUM FURNACES","isPartOf":{"@id":"https:\/\/landing.tav-vacuumfurnaces.com\/es\/#website"},"datePublished":"2023-08-08T05:19:20+00:00","dateModified":"2024-03-28T08:53:01+00:00","description":"Tav Vacuum Furnaces construye hornos para tratamiento de vac\u00edo a medida, desde la fase de an\u00e1lisis de sus necesidades hasta la realizaci\u00f3n de la l\u00ednea de tratamiento.","breadcrumb":{"@id":"https:\/\/landing.tav-vacuumfurnaces.com\/es\/#breadcrumb"},"inLanguage":"es","potentialAction":[{"@type":"ReadAction","target":["https:\/\/landing.tav-vacuumfurnaces.com\/es\/"]}]},{"@type":"BreadcrumbList","@id":"https:\/\/landing.tav-vacuumfurnaces.com\/es\/#breadcrumb","itemListElement":[{"@type":"ListItem","position":1,"name":"Home","item":"https:\/\/landing.tav-vacuumfurnaces.com\/es\/"},{"@type":"ListItem","position":2,"name":"Homepage"}]},{"@type":"WebSite","@id":"https:\/\/landing.tav-vacuumfurnaces.com\/es\/#website","url":"https:\/\/landing.tav-vacuumfurnaces.com\/es\/","name":"TAV Vacuum Furnaces","description":"Hornos de Vac\u00edo de la M\u00e1s Alta Calidad","publisher":{"@id":"https:\/\/landing.tav-vacuumfurnaces.com\/es\/#organization"},"potentialAction":[{"@type":"SearchAction","target":{"@type":"EntryPoint","urlTemplate":"https:\/\/landing.tav-vacuumfurnaces.com\/es\/?s={search_term_string}"},"query-input":"required name=search_term_string"}],"inLanguage":"es"},{"@type":"Organization","@id":"https:\/\/landing.tav-vacuumfurnaces.com\/es\/#organization","name":"TAV Vacuum Furnaces","url":"https:\/\/landing.tav-vacuumfurnaces.com\/es\/","logo":{"@type":"ImageObject","inLanguage":"es","@id":"https:\/\/landing.tav-vacuumfurnaces.com\/es\/#\/schema\/logo\/image\/","url":"https:\/\/landing.tav-vacuumfurnaces.com\/wp-content\/uploads\/2023\/08\/tav-vacuum-furnaces-logo.svg","contentUrl":"https:\/\/landing.tav-vacuumfurnaces.com\/wp-content\/uploads\/2023\/08\/tav-vacuum-furnaces-logo.svg","caption":"TAV Vacuum Furnaces"},"image":{"@id":"https:\/\/landing.tav-vacuumfurnaces.com\/es\/#\/schema\/logo\/image\/"},"sameAs":["https:\/\/www.facebook.com\/TavFurnaces","https:\/\/twitter.com\/TavFurnaces"]}]}},"_links":{"self":[{"href":"https:\/\/landing.tav-vacuumfurnaces.com\/es\/wp-json\/wp\/v2\/pages\/397","targetHints":{"allow":["GET"]}}],"collection":[{"href":"https:\/\/landing.tav-vacuumfurnaces.com\/es\/wp-json\/wp\/v2\/pages"}],"about":[{"href":"https:\/\/landing.tav-vacuumfurnaces.com\/es\/wp-json\/wp\/v2\/types\/page"}],"author":[{"embeddable":true,"href":"https:\/\/landing.tav-vacuumfurnaces.com\/es\/wp-json\/wp\/v2\/users\/1"}],"replies":[{"embeddable":true,"href":"https:\/\/landing.tav-vacuumfurnaces.com\/es\/wp-json\/wp\/v2\/comments?post=397"}],"version-history":[{"count":6,"href":"https:\/\/landing.tav-vacuumfurnaces.com\/es\/wp-json\/wp\/v2\/pages\/397\/revisions"}],"predecessor-version":[{"id":571,"href":"https:\/\/landing.tav-vacuumfurnaces.com\/es\/wp-json\/wp\/v2\/pages\/397\/revisions\/571"}],"wp:attachment":[{"href":"https:\/\/landing.tav-vacuumfurnaces.com\/es\/wp-json\/wp\/v2\/media?parent=397"}],"curies":[{"name":"wp","href":"https:\/\/api.w.org\/{rel}","templated":true}]}}