{"id":394,"date":"2023-08-08T07:19:20","date_gmt":"2023-08-08T05:19:20","guid":{"rendered":"https:\/\/landing.tav-vacuumfurnaces.com\/homepage\/"},"modified":"2024-03-28T09:42:42","modified_gmt":"2024-03-28T08:42:42","slug":"homepage","status":"publish","type":"page","link":"https:\/\/landing.tav-vacuumfurnaces.com\/de\/","title":{"rendered":"Homepage"},"content":{"rendered":"","protected":false},"excerpt":{"rendered":"","protected":false},"author":1,"featured_media":0,"parent":0,"menu_order":0,"comment_status":"closed","ping_status":"closed","template":"template-home.php","meta":{"_acf_changed":false,"site-sidebar-layout":"default","site-content-layout":"default","ast-site-content-layout":"default","site-content-style":"default","site-sidebar-style":"default","ast-global-header-display":"","ast-banner-title-visibility":"","ast-main-header-display":"","ast-hfb-above-header-display":"","ast-hfb-below-header-display":"","ast-hfb-mobile-header-display":"","site-post-title":"","ast-breadcrumbs-content":"","ast-featured-img":"","footer-sml-layout":"","theme-transparent-header-meta":"default","adv-header-id-meta":"","stick-header-meta":"","header-above-stick-meta":"","header-main-stick-meta":"","header-below-stick-meta":"","astra-migrate-meta-layouts":"set","footnotes":""},"class_list":["post-394","page","type-page","status-publish","hentry"],"acf":[],"yoast_head":"<!-- This site is optimized with the Yoast SEO plugin v21.1 - https:\/\/yoast.com\/wordpress\/plugins\/seo\/ -->\n<title>Vakuum\u00f6fen | TAV VACUUM FURNACES<\/title>\n<meta name=\"description\" content=\"Tav Vacuum Furnaces baut ma\u00dfgeschneiderte Vakuumbehandlungs\u00f6fen, von der Analyse Ihrer Bed\u00fcrfnisse bis zur Erstellung der Behandlungslinie.\" \/>\n<meta name=\"robots\" content=\"index, follow, max-snippet:-1, max-image-preview:large, max-video-preview:-1\" \/>\n<link rel=\"canonical\" href=\"https:\/\/landing.tav-vacuumfurnaces.com\/de\/\" \/>\n<meta property=\"og:locale\" content=\"de_DE\" \/>\n<meta property=\"og:type\" content=\"article\" \/>\n<meta property=\"og:title\" content=\"Vakuum\u00f6fen | TAV VACUUM FURNACES\" \/>\n<meta property=\"og:description\" content=\"Tav Vacuum Furnaces baut ma\u00dfgeschneiderte Vakuumbehandlungs\u00f6fen, von der Analyse Ihrer Bed\u00fcrfnisse bis zur Erstellung der Behandlungslinie.\" \/>\n<meta property=\"og:url\" content=\"https:\/\/landing.tav-vacuumfurnaces.com\/de\/\" \/>\n<meta property=\"og:site_name\" content=\"TAV VACUUM FURNCES\" \/>\n<meta property=\"article:publisher\" content=\"https:\/\/www.facebook.com\/TavFurnaces\" \/>\n<meta property=\"article:modified_time\" content=\"2024-03-28T08:42:42+00:00\" \/>\n<meta name=\"twitter:card\" content=\"summary_large_image\" \/>\n<meta name=\"twitter:site\" content=\"@TavFurnaces\" \/>\n<script type=\"application\/ld+json\" class=\"yoast-schema-graph\">{\"@context\":\"https:\/\/schema.org\",\"@graph\":[{\"@type\":\"WebPage\",\"@id\":\"https:\/\/landing.tav-vacuumfurnaces.com\/de\/\",\"url\":\"https:\/\/landing.tav-vacuumfurnaces.com\/de\/\",\"name\":\"Vakuum\u00f6fen | TAV VACUUM FURNACES\",\"isPartOf\":{\"@id\":\"https:\/\/landing.tav-vacuumfurnaces.com\/de\/#website\"},\"datePublished\":\"2023-08-08T05:19:20+00:00\",\"dateModified\":\"2024-03-28T08:42:42+00:00\",\"description\":\"Tav Vacuum Furnaces baut ma\u00dfgeschneiderte Vakuumbehandlungs\u00f6fen, von der Analyse Ihrer Bed\u00fcrfnisse bis zur Erstellung der Behandlungslinie.\",\"breadcrumb\":{\"@id\":\"https:\/\/landing.tav-vacuumfurnaces.com\/de\/#breadcrumb\"},\"inLanguage\":\"de\",\"potentialAction\":[{\"@type\":\"ReadAction\",\"target\":[\"https:\/\/landing.tav-vacuumfurnaces.com\/de\/\"]}]},{\"@type\":\"BreadcrumbList\",\"@id\":\"https:\/\/landing.tav-vacuumfurnaces.com\/de\/#breadcrumb\",\"itemListElement\":[{\"@type\":\"ListItem\",\"position\":1,\"name\":\"Home\",\"item\":\"https:\/\/landing.tav-vacuumfurnaces.com\/de\/\"},{\"@type\":\"ListItem\",\"position\":2,\"name\":\"Homepage\"}]},{\"@type\":\"WebSite\",\"@id\":\"https:\/\/landing.tav-vacuumfurnaces.com\/de\/#website\",\"url\":\"https:\/\/landing.tav-vacuumfurnaces.com\/de\/\",\"name\":\"TAV Vacuum Furnaces\",\"description\":\"Vakuum\u00f6fen von h\u00f6chster Qualit\u00e4t\",\"publisher\":{\"@id\":\"https:\/\/landing.tav-vacuumfurnaces.com\/de\/#organization\"},\"potentialAction\":[{\"@type\":\"SearchAction\",\"target\":{\"@type\":\"EntryPoint\",\"urlTemplate\":\"https:\/\/landing.tav-vacuumfurnaces.com\/de\/?s={search_term_string}\"},\"query-input\":\"required name=search_term_string\"}],\"inLanguage\":\"de\"},{\"@type\":\"Organization\",\"@id\":\"https:\/\/landing.tav-vacuumfurnaces.com\/de\/#organization\",\"name\":\"TAV Vacuum Furnaces\",\"url\":\"https:\/\/landing.tav-vacuumfurnaces.com\/de\/\",\"logo\":{\"@type\":\"ImageObject\",\"inLanguage\":\"de\",\"@id\":\"https:\/\/landing.tav-vacuumfurnaces.com\/de\/#\/schema\/logo\/image\/\",\"url\":\"https:\/\/landing.tav-vacuumfurnaces.com\/wp-content\/uploads\/2023\/08\/tav-vacuum-furnaces-logo.svg\",\"contentUrl\":\"https:\/\/landing.tav-vacuumfurnaces.com\/wp-content\/uploads\/2023\/08\/tav-vacuum-furnaces-logo.svg\",\"caption\":\"TAV Vacuum Furnaces\"},\"image\":{\"@id\":\"https:\/\/landing.tav-vacuumfurnaces.com\/de\/#\/schema\/logo\/image\/\"},\"sameAs\":[\"https:\/\/www.facebook.com\/TavFurnaces\",\"https:\/\/twitter.com\/TavFurnaces\"]}]}<\/script>\n<!-- \/ Yoast SEO plugin. -->","yoast_head_json":{"title":"Vakuum\u00f6fen | TAV VACUUM FURNACES","description":"Tav Vacuum Furnaces baut ma\u00dfgeschneiderte Vakuumbehandlungs\u00f6fen, von der Analyse Ihrer Bed\u00fcrfnisse bis zur Erstellung der Behandlungslinie.","robots":{"index":"index","follow":"follow","max-snippet":"max-snippet:-1","max-image-preview":"max-image-preview:large","max-video-preview":"max-video-preview:-1"},"canonical":"https:\/\/landing.tav-vacuumfurnaces.com\/de\/","og_locale":"de_DE","og_type":"article","og_title":"Vakuum\u00f6fen | TAV VACUUM FURNACES","og_description":"Tav Vacuum Furnaces baut ma\u00dfgeschneiderte Vakuumbehandlungs\u00f6fen, von der Analyse Ihrer Bed\u00fcrfnisse bis zur Erstellung der Behandlungslinie.","og_url":"https:\/\/landing.tav-vacuumfurnaces.com\/de\/","og_site_name":"TAV VACUUM FURNCES","article_publisher":"https:\/\/www.facebook.com\/TavFurnaces","article_modified_time":"2024-03-28T08:42:42+00:00","twitter_card":"summary_large_image","twitter_site":"@TavFurnaces","schema":{"@context":"https:\/\/schema.org","@graph":[{"@type":"WebPage","@id":"https:\/\/landing.tav-vacuumfurnaces.com\/de\/","url":"https:\/\/landing.tav-vacuumfurnaces.com\/de\/","name":"Vakuum\u00f6fen | TAV VACUUM FURNACES","isPartOf":{"@id":"https:\/\/landing.tav-vacuumfurnaces.com\/de\/#website"},"datePublished":"2023-08-08T05:19:20+00:00","dateModified":"2024-03-28T08:42:42+00:00","description":"Tav Vacuum Furnaces baut ma\u00dfgeschneiderte Vakuumbehandlungs\u00f6fen, von der Analyse Ihrer Bed\u00fcrfnisse bis zur Erstellung der Behandlungslinie.","breadcrumb":{"@id":"https:\/\/landing.tav-vacuumfurnaces.com\/de\/#breadcrumb"},"inLanguage":"de","potentialAction":[{"@type":"ReadAction","target":["https:\/\/landing.tav-vacuumfurnaces.com\/de\/"]}]},{"@type":"BreadcrumbList","@id":"https:\/\/landing.tav-vacuumfurnaces.com\/de\/#breadcrumb","itemListElement":[{"@type":"ListItem","position":1,"name":"Home","item":"https:\/\/landing.tav-vacuumfurnaces.com\/de\/"},{"@type":"ListItem","position":2,"name":"Homepage"}]},{"@type":"WebSite","@id":"https:\/\/landing.tav-vacuumfurnaces.com\/de\/#website","url":"https:\/\/landing.tav-vacuumfurnaces.com\/de\/","name":"TAV Vacuum Furnaces","description":"Vakuum\u00f6fen von h\u00f6chster Qualit\u00e4t","publisher":{"@id":"https:\/\/landing.tav-vacuumfurnaces.com\/de\/#organization"},"potentialAction":[{"@type":"SearchAction","target":{"@type":"EntryPoint","urlTemplate":"https:\/\/landing.tav-vacuumfurnaces.com\/de\/?s={search_term_string}"},"query-input":"required name=search_term_string"}],"inLanguage":"de"},{"@type":"Organization","@id":"https:\/\/landing.tav-vacuumfurnaces.com\/de\/#organization","name":"TAV Vacuum Furnaces","url":"https:\/\/landing.tav-vacuumfurnaces.com\/de\/","logo":{"@type":"ImageObject","inLanguage":"de","@id":"https:\/\/landing.tav-vacuumfurnaces.com\/de\/#\/schema\/logo\/image\/","url":"https:\/\/landing.tav-vacuumfurnaces.com\/wp-content\/uploads\/2023\/08\/tav-vacuum-furnaces-logo.svg","contentUrl":"https:\/\/landing.tav-vacuumfurnaces.com\/wp-content\/uploads\/2023\/08\/tav-vacuum-furnaces-logo.svg","caption":"TAV Vacuum Furnaces"},"image":{"@id":"https:\/\/landing.tav-vacuumfurnaces.com\/de\/#\/schema\/logo\/image\/"},"sameAs":["https:\/\/www.facebook.com\/TavFurnaces","https:\/\/twitter.com\/TavFurnaces"]}]}},"_links":{"self":[{"href":"https:\/\/landing.tav-vacuumfurnaces.com\/de\/wp-json\/wp\/v2\/pages\/394","targetHints":{"allow":["GET"]}}],"collection":[{"href":"https:\/\/landing.tav-vacuumfurnaces.com\/de\/wp-json\/wp\/v2\/pages"}],"about":[{"href":"https:\/\/landing.tav-vacuumfurnaces.com\/de\/wp-json\/wp\/v2\/types\/page"}],"author":[{"embeddable":true,"href":"https:\/\/landing.tav-vacuumfurnaces.com\/de\/wp-json\/wp\/v2\/users\/1"}],"replies":[{"embeddable":true,"href":"https:\/\/landing.tav-vacuumfurnaces.com\/de\/wp-json\/wp\/v2\/comments?post=394"}],"version-history":[{"count":5,"href":"https:\/\/landing.tav-vacuumfurnaces.com\/de\/wp-json\/wp\/v2\/pages\/394\/revisions"}],"predecessor-version":[{"id":570,"href":"https:\/\/landing.tav-vacuumfurnaces.com\/de\/wp-json\/wp\/v2\/pages\/394\/revisions\/570"}],"wp:attachment":[{"href":"https:\/\/landing.tav-vacuumfurnaces.com\/de\/wp-json\/wp\/v2\/media?parent=394"}],"curies":[{"name":"wp","href":"https:\/\/api.w.org\/{rel}","templated":true}]}}